{"id":7,"date":"2022-01-28T00:57:41","date_gmt":"2022-01-28T00:57:41","guid":{"rendered":"https:\/\/jcecrewsim.online\/about-us\/"},"modified":"2024-11-08T16:24:05","modified_gmt":"2024-11-08T16:24:05","slug":"about-us","status":"publish","type":"page","link":"https:\/\/jcecrewsim.online\/en\/about-us\/","title":{"rendered":"ABOUT US"},"content":{"rendered":"<div class=\"boldgrid-section\">\n<div class=\"container\">\n<div class=\"row\" style=\"padding-top: 42px; padding-bottom: 0px;\">\n<div class=\"col-md-4 col-xs-12 col-sm-12 col-lg-4\">\n<h1 class=\"\" style=\"text-align: center;\"><strong>Ayudamos a tu Carrera de Piloto a que sea un \u00c9xito<\/strong><\/h1>\n<div class=\"row\">\n<div class=\"col-md-12 col-xs-12 col-sm-12 col-lg-12\">\n<div>\n<div class=\"row bg-editor-hr-wrap\">\n<div class=\"col-md-12 col-xs-12 col-sm-12 col-lg-12\">\n<div>\n<hr>\n<\/div>\n<\/div>\n<\/div>\n<\/div>\n<\/div>\n<\/div>\n<p class=\"\">Studies have shown that for pilots in their career, simulation is the solution to three main factors in flight training:<\/p>\n<ol class=\"\">\n<li>The ability and flexibility to transfer the knowledge acquired in simulation to the real cockpit.<\/li>\n<li>Helps you to maintain a high level of operational capability.<\/li>\n<\/ol>\n<ol class=\"\" start=\"3\">\n<li>It allows you to maintain a positive balance throughout the training process.<\/li>\n<\/ol>\n<p class=\"\">What <strong>JCE CREW SIM<\/strong> offers you is aimed to:&nbsp;<\/p>\n<p class=\"\">* <strong>Enthusiasts<\/strong> and\/or Amateurs pilots who want to discover their vocation to start this beautiful career.<\/p>\n<p>* <strong>Private PIlots<\/strong> who are continuing their flight training.<\/p>\n<p>* <strong>Commercial Pilots<\/strong> who want to complement their experience.<\/p>\n<p>* <strong>Pilots in General<\/strong> who want to remain efficient in instrument flights.<\/p>\n<p>* <strong>Professional Pilots<\/strong> who want to stay current in maneuvers, emergencies, procedures, cockpit flows and knowledge.<\/p>\n<p class=\"\">* <strong>Experienced Pilots<\/strong> who want to familiarize themselves with the systems of a specific aircraft like<br \/>\n(Airbus, Boeing, etc.).<\/p>\n<\/div>\n<div class=\"col-md-4 col-xs-12 col-sm-12 col-lg-4\">\n<p>&nbsp;<\/p>\n<p class=\"\">&nbsp;<\/p>\n<p class=\"\"><img fetchpriority=\"high\" decoding=\"async\" class=\"wp-image-324 aligncenter\" style=\"font-weight: bold;\" src=\"https:\/\/jcecrewsim.online\/wp-content\/uploads\/2022\/02\/Classroom-600x400-Web-300x200.jpg\" alt=\"\" width=\"371\" height=\"247\" data-imhwpb-asset-id=\"780426\" srcset=\"https:\/\/jcecrewsim.online\/wp-content\/uploads\/2022\/02\/Classroom-600x400-Web-300x200.jpg 300w, https:\/\/jcecrewsim.online\/wp-content\/uploads\/2022\/02\/Classroom-600x400-Web-250x167.jpg 250w, https:\/\/jcecrewsim.online\/wp-content\/uploads\/2022\/02\/Classroom-600x400-Web-550x367.jpg 550w, https:\/\/jcecrewsim.online\/wp-content\/uploads\/2022\/02\/Classroom-600x400-Web-270x180.jpg 270w, https:\/\/jcecrewsim.online\/wp-content\/uploads\/2022\/02\/Classroom-600x400-Web-450x300.jpg 450w, https:\/\/jcecrewsim.online\/wp-content\/uploads\/2022\/02\/Classroom-600x400-Web.jpg 600w\" sizes=\"(max-width: 371px) 100vw, 371px\" \/><\/p>\n<p class=\"mod-img\" style=\"margin-top: -46px; padding-top: 3em;\"><img decoding=\"async\" class=\"alignnone wp-image-542 size-full\" src=\"https:\/\/jcecrewsim.online\/wp-content\/uploads\/2022\/06\/Untitled.png\" alt=\"\" width=\"460\" height=\"168\" srcset=\"https:\/\/jcecrewsim.online\/wp-content\/uploads\/2022\/06\/Untitled.png 460w, https:\/\/jcecrewsim.online\/wp-content\/uploads\/2022\/06\/Untitled-300x110.png 300w, https:\/\/jcecrewsim.online\/wp-content\/uploads\/2022\/06\/Untitled-18x7.png 18w, https:\/\/jcecrewsim.online\/wp-content\/uploads\/2022\/06\/Untitled-250x91.png 250w\" sizes=\"(max-width: 460px) 100vw, 460px\" \/><\/p>\n<\/div>\n<div class=\"col-md-4 col-xs-12 col-sm-12 col-lg-4\">\n<p>&nbsp;<\/p>\n<p class=\"mod-img\" style=\"margin-top: -46px; padding-top: 4em;\"><img decoding=\"async\" class=\"wp-image-539 size-medium aligncenter\" src=\"https:\/\/jcecrewsim.online\/wp-content\/uploads\/2022\/06\/41erSOQ9aoL-300x146.png\" alt=\"\" width=\"300\" height=\"146\" srcset=\"https:\/\/jcecrewsim.online\/wp-content\/uploads\/2022\/06\/41erSOQ9aoL-300x146.png 300w, https:\/\/jcecrewsim.online\/wp-content\/uploads\/2022\/06\/41erSOQ9aoL-768x375.png 768w, https:\/\/jcecrewsim.online\/wp-content\/uploads\/2022\/06\/41erSOQ9aoL-18x9.png 18w, https:\/\/jcecrewsim.online\/wp-content\/uploads\/2022\/06\/41erSOQ9aoL-250x122.png 250w, https:\/\/jcecrewsim.online\/wp-content\/uploads\/2022\/06\/41erSOQ9aoL-550x269.png 550w, https:\/\/jcecrewsim.online\/wp-content\/uploads\/2022\/06\/41erSOQ9aoL-800x391.png 800w, https:\/\/jcecrewsim.online\/wp-content\/uploads\/2022\/06\/41erSOQ9aoL-369x180.png 369w, https:\/\/jcecrewsim.online\/wp-content\/uploads\/2022\/06\/41erSOQ9aoL-614x300.png 614w, https:\/\/jcecrewsim.online\/wp-content\/uploads\/2022\/06\/41erSOQ9aoL.png 1024w\" sizes=\"(max-width: 300px) 100vw, 300px\" \/><\/p>\n<h2 class=\"\">&nbsp;<\/h2>\n<h2 class=\"\" style=\"text-align: center;\"><strong>Personalized Education<br \/>\n<span style=\"text-decoration: underline;\"><span style=\"color: #ff6600; text-decoration: underline;\">ONE-2-ONE<\/span><\/span><\/strong><\/h2>\n<\/div>\n<\/div>\n<\/div>\n<\/div>\n<div class=\"boldgrid-section\">\n<div class=\"container\">\n<div class=\"row\">\n<div class=\"col-md-12 col-xs-12 col-sm-12 col-lg-12\"><\/div>\n<\/div>\n<\/div>\n<\/div>\n<div class=\"boldgrid-section\">\n<div class=\"container\"><\/div>\n<\/div>\n<div class=\"boldgrid-section\">\n<div class=\"container\">\n<div class=\"row\"><\/div>\n<\/div>\n<\/div>\n<div class=\"boldgrid-section\">\n<div class=\"container\">\n<div class=\"row\" style=\"padding-top: 0px;\">\n<div class=\"col-md-4 col-xs-12 col-sm-12 col-lg-4\">\n<p class=\"mod-img\"><img loading=\"lazy\" decoding=\"async\" class=\"alignnone wp-image-83 size-medium\" src=\"https:\/\/jcecrewsim.online\/wp-content\/uploads\/2022\/01\/0_100_360_200_IMG_5308-900x600-1.jpg\" alt=\"\" width=\"360\" height=\"200\" data-imhwpb-built-photo-search=\"14|landscape\" srcset=\"https:\/\/jcecrewsim.online\/wp-content\/uploads\/2022\/01\/0_100_360_200_IMG_5308-900x600-1.jpg 360w, https:\/\/jcecrewsim.online\/wp-content\/uploads\/2022\/01\/IMG_5308-900x600-1-900x500.jpg 900w\" sizes=\"(max-width: 360px) 100vw, 360px\" \/><\/p>\n<div class=\"row\">\n<div class=\"col-md-12 col-xs-12 col-sm-12 col-lg-12\">\n<div class=\"row bg-editor-hr-wrap\">\n<div class=\"col-md-12 col-xs-12 col-sm-12 col-lg-12\">\n<hr>\n<\/div>\n<\/div>\n<\/div>\n<\/div>\n<h3 class=\"\" style=\"text-align: center;\"><b>MISI\u00d3N<\/b><\/h3>\n<p class=\"\" style=\"text-align: center;\">Ayudar y motivar a muchas personas a que conozcan el hermoso mundo de la aviaci\u00f3n, brindado y cubriendo toda necesidad que requieran en aspectos pr\u00e1cticos, ense\u00f1anza, y asesoramiento.<\/p>\n<\/div>\n<div class=\"col-md-4 col-xs-12 col-sm-12 col-lg-4\">\n<p class=\"mod-img\"><img loading=\"lazy\" decoding=\"async\" class=\"wp-image-175 aligncenter\" src=\"https:\/\/jcecrewsim.online\/wp-content\/uploads\/2022\/01\/1_472_900_titan-aero-crewing-pilots-300x200.jpg\" alt=\"\" width=\"302\" height=\"201\" data-imhwpb-built-photo-search=\"14|landscape\" srcset=\"https:\/\/jcecrewsim.online\/wp-content\/uploads\/2022\/01\/1_472_900_titan-aero-crewing-pilots-300x200.jpg 300w, https:\/\/jcecrewsim.online\/wp-content\/uploads\/2022\/01\/1_472_900_titan-aero-crewing-pilots-768x512.jpg 768w, https:\/\/jcecrewsim.online\/wp-content\/uploads\/2022\/01\/1_472_900_titan-aero-crewing-pilots-250x167.jpg 250w, https:\/\/jcecrewsim.online\/wp-content\/uploads\/2022\/01\/1_472_900_titan-aero-crewing-pilots-550x367.jpg 550w, https:\/\/jcecrewsim.online\/wp-content\/uploads\/2022\/01\/1_472_900_titan-aero-crewing-pilots-800x533.jpg 800w, https:\/\/jcecrewsim.online\/wp-content\/uploads\/2022\/01\/1_472_900_titan-aero-crewing-pilots-270x180.jpg 270w, https:\/\/jcecrewsim.online\/wp-content\/uploads\/2022\/01\/1_472_900_titan-aero-crewing-pilots-450x300.jpg 450w, https:\/\/jcecrewsim.online\/wp-content\/uploads\/2022\/01\/1_472_900_titan-aero-crewing-pilots-750x500.jpg 750w, https:\/\/jcecrewsim.online\/wp-content\/uploads\/2022\/01\/1_472_900_titan-aero-crewing-pilots.jpg 900w\" sizes=\"(max-width: 302px) 100vw, 302px\" \/><\/p>\n<div class=\"row\">\n<div class=\"col-md-12 col-xs-12 col-sm-12 col-lg-12\">\n<div class=\"row bg-editor-hr-wrap\">\n<div class=\"col-md-12 col-xs-12 col-sm-12 col-lg-12\">\n<hr>\n<\/div>\n<\/div>\n<\/div>\n<\/div>\n<h3 class=\"\" style=\"text-align: center;\"><strong>OBJETIVO<\/strong><\/h3>\n<p class=\"\" style=\"text-align: center;\"><strong>JCE CREW SIM<\/strong> has as its main objective to motivate you to become part of the world of aviation, thanks to the fact that nowadays technology makes it easier to learn to fly in a short period of time.<\/p>\n<p class=\"\" style=\"text-align: center;\"><strong>JCE CREW SIM<\/strong> gives you the possibility to have a simulator experience, which is getting closer and closer to the feeling of a real flight.<\/p>\n<\/div>\n<div class=\"col-md-4 col-xs-12 col-sm-12 col-lg-4\">\n<p class=\"mod-img\" style=\"text-align: center;\"><img loading=\"lazy\" decoding=\"async\" class=\"alignnone wp-image-88\" src=\"https:\/\/jcecrewsim.online\/wp-content\/uploads\/2022\/01\/istockphoto-1268273462-612x612-2-300x168.jpg\" alt=\"\" width=\"354\" height=\"198\" data-imhwpb-built-photo-search=\"14|landscape\" srcset=\"https:\/\/jcecrewsim.online\/wp-content\/uploads\/2022\/01\/istockphoto-1268273462-612x612-2-300x168.jpg 300w, https:\/\/jcecrewsim.online\/wp-content\/uploads\/2022\/01\/istockphoto-1268273462-612x612-2-250x140.jpg 250w, https:\/\/jcecrewsim.online\/wp-content\/uploads\/2022\/01\/istockphoto-1268273462-612x612-2-550x308.jpg 550w, https:\/\/jcecrewsim.online\/wp-content\/uploads\/2022\/01\/istockphoto-1268273462-612x612-2-321x180.jpg 321w, https:\/\/jcecrewsim.online\/wp-content\/uploads\/2022\/01\/istockphoto-1268273462-612x612-2-535x300.jpg 535w, https:\/\/jcecrewsim.online\/wp-content\/uploads\/2022\/01\/istockphoto-1268273462-612x612-2.jpg 612w\" sizes=\"(max-width: 354px) 100vw, 354px\" \/><\/p>\n<div class=\"row\">\n<div class=\"col-md-12 col-xs-12 col-sm-12 col-lg-12\">\n<div class=\"row bg-editor-hr-wrap\">\n<div class=\"col-md-12 col-xs-12 col-sm-12 col-lg-12\">\n<hr>\n<\/div>\n<\/div>\n<\/div>\n<\/div>\n<h3 class=\"\" style=\"text-align: center;\"><b>VISI\u00d3N<\/b><\/h3>\n<p class=\"\" style=\"text-align: center;\">Ser l\u00edder en la capacitaci\u00f3n personalizada basada en la instrucci\u00f3n te\u00f3rico-practica en simuladores de vuelo, ademas de formar la primera comunidad de pilotos que nos apoyemos para llevar la<br \/>\n<strong>\u00abAviaci\u00f3n a un Siguiente Nivel\u00bb<\/strong><\/p>\n<\/div>\n<\/div>\n<\/div>\n<\/div>","protected":false},"excerpt":{"rendered":"<p>Ayudamos a tu Carrera de Piloto a que sea un \u00c9xito Estudios demuestran que para los pilotos que est\u00e1n cursando su carrera, la simulaci\u00f3n es la soluci\u00f3n de tres factores principales en el entrenamiento de vuelo: La capacidad y flexibilidad de transferir los conocimientos adquiridos en simulaci\u00f3n a la cabina real. Te ayuda a mantener [&hellip;]<\/p>","protected":false},"author":1,"featured_media":0,"parent":0,"menu_order":5,"comment_status":"closed","ping_status":"closed","template":"","meta":{"bgseo_title":"","bgseo_description":"","bgseo_robots_index":"index","bgseo_robots_follow":"follow","_joinchat":[],"footnotes":""},"class_list":["post-7","page","type-page","status-publish"],"aioseo_notices":[],"_links":{"self":[{"href":"https:\/\/jcecrewsim.online\/en\/wp-json\/wp\/v2\/pages\/7","targetHints":{"allow":["GET"]}}],"collection":[{"href":"https:\/\/jcecrewsim.online\/en\/wp-json\/wp\/v2\/pages"}],"about":[{"href":"https:\/\/jcecrewsim.online\/en\/wp-json\/wp\/v2\/types\/page"}],"author":[{"embeddable":true,"href":"https:\/\/jcecrewsim.online\/en\/wp-json\/wp\/v2\/users\/1"}],"replies":[{"embeddable":true,"href":"https:\/\/jcecrewsim.online\/en\/wp-json\/wp\/v2\/comments?post=7"}],"version-history":[{"count":10,"href":"https:\/\/jcecrewsim.online\/en\/wp-json\/wp\/v2\/pages\/7\/revisions"}],"predecessor-version":[{"id":787,"href":"https:\/\/jcecrewsim.online\/en\/wp-json\/wp\/v2\/pages\/7\/revisions\/787"}],"wp:attachment":[{"href":"https:\/\/jcecrewsim.online\/en\/wp-json\/wp\/v2\/media?parent=7"}],"curies":[{"name":"wp","href":"https:\/\/api.w.org\/{rel}","templated":true}]}}