{"id":625,"date":"2022-08-30T02:54:04","date_gmt":"2022-08-30T02:54:04","guid":{"rendered":"https:\/\/jcecrewsim.online\/?page_id=625"},"modified":"2024-11-08T16:18:44","modified_gmt":"2024-11-08T16:18:44","slug":"induccion-airbus","status":"publish","type":"page","link":"https:\/\/jcecrewsim.online\/en\/induccion-airbus\/","title":{"rendered":"Induccion Airbus"},"content":{"rendered":"<div class=\"tmpl-media-7 boldgrid-section dynamic-gridblock\" style=\"background-color: rgba(115, 133, 153, 0.11);\">\n<div class=\"container\">\n<div class=\"row\" style=\"padding-top: 20px; padding-bottom: 20px;\">\n<div class=\"col-md-6 col-xs-12 col-sm-6 text-center col-lg-6\">\n<p><iframe title=\"\ud83d\udc68\u200d\u2708\ufe0f\u2b50JCE CREW SIM \u2b50\u2708\ufe0f \/ Induccion a AIRBUS A319-A320-A321\" width=\"780\" height=\"439\" src=\"https:\/\/www.youtube.com\/embed\/lay-som-f9E?feature=oembed\" frameborder=\"0\" allow=\"accelerometer; autoplay; clipboard-write; encrypted-media; gyroscope; picture-in-picture\" allowfullscreen><\/iframe><\/p>\n<\/div>\n<div class=\"col-md-6 col-xs-12 col-sm-6 col-lg-6\">\n<h1 class=\"color1-color\" style=\"text-align: center;\"><strong>Inducci\u00f3n a Airbus A319-A320-A321<\/strong><\/h1>\n<h2 class=\"\" style=\"text-align: center;\"><u><b>REQUISITOS<\/b><\/u><\/h2>\n<h3 class=\"\" style=\"text-align: center;\"><em><u><b>Tener muchas ganas de aprender !!<\/b><\/u><\/em><\/h3>\n<p class=\"\" style=\"text-align: center;\"><b>TE GUIAREMOS DE FORMA QUE APRENDER\u00c1S DE LA MEJOR<\/b><br \/>\n<b>MANERA POSIBLE COMO:<\/b><\/p>\n<ul class=\"\">\n<li><b><u>EXPLICACI\u00d3N<\/u><\/b><u><b>&nbsp;DE SISTEMAS<\/b><\/u><\/li>\n<li><u><b>MANEJO DE CHECKLIST Y FCOM<\/b><\/u><\/li>\n<li><u><b>LLENAR EL MCDU<\/b><\/u><\/li>\n<li><u><b>CALL-OUTS<\/b><\/u><\/li>\n<\/ul>\n<p class=\"\" style=\"margin-top: 20px; text-align: center;\"><a class=\"btn-color-1 btn btn-normal\" href=\"\/en\/jce.crew.sim@gmail.com\/\">Contactanos<br \/>\n<\/a><\/p>\n<\/div>\n<\/div>\n<\/div>\n<\/div>\n<div class=\"tmpl-gallery-12 boldgrid-section dynamic-gridblock\" style=\"background-color: rgba(115, 133, 153, 0.11);\">\n<div class=\"container\">\n<div class=\"row\" style=\"padding-top: 42px; padding-bottom: 42px;\">\n<div class=\"col-md-6 col-sm-12 col-xs-12 col-lg-6\">\n<p class=\"mod-reset\"><img fetchpriority=\"high\" decoding=\"async\" class=\"size-medium wp-image-643 aligncenter\" src=\"https:\/\/jcecrewsim.online\/wp-content\/uploads\/2022\/08\/pngegg__30_-removebg-preview-300x219.png\" alt=\"\" width=\"300\" height=\"219\" srcset=\"https:\/\/jcecrewsim.online\/wp-content\/uploads\/2022\/08\/pngegg__30_-removebg-preview-300x219.png 300w, https:\/\/jcecrewsim.online\/wp-content\/uploads\/2022\/08\/pngegg__30_-removebg-preview-16x12.png 16w, https:\/\/jcecrewsim.online\/wp-content\/uploads\/2022\/08\/pngegg__30_-removebg-preview-250x183.png 250w, https:\/\/jcecrewsim.online\/wp-content\/uploads\/2022\/08\/pngegg__30_-removebg-preview-550x402.png 550w, https:\/\/jcecrewsim.online\/wp-content\/uploads\/2022\/08\/pngegg__30_-removebg-preview-246x180.png 246w, https:\/\/jcecrewsim.online\/wp-content\/uploads\/2022\/08\/pngegg__30_-removebg-preview-410x300.png 410w, https:\/\/jcecrewsim.online\/wp-content\/uploads\/2022\/08\/pngegg__30_-removebg-preview.png 584w\" sizes=\"(max-width: 300px) 100vw, 300px\" \/><\/p>\n<p class=\"\">&nbsp;<\/p>\n<p class=\"\">&nbsp;<\/p>\n<p>&nbsp;<\/p>\n<p class=\"\" style=\"text-align: center;\">Quieres aprender sobre el Airbus?<br \/>\nEn JCE CREW SIM te guiamos en los sistemas, procedimientos, como llenar el MCDU de forma profesional!<\/p>\n<p class=\"\" style=\"text-align: center;\">\nContactanos para mas info!<\/p>\n<p class=\"\">&#8212;&#8212;&#8212;&#8212;&#8212;&#8212;&#8212;&#8212;&#8212;&#8212;&#8212;&#8212;&#8212;&#8212;&#8212;&#8212;&#8212;&#8212;&#8212;&#8212;&#8212;&#8212;&#8212;&#8212;&#8212;&#8212;&#8212;&#8212;&#8212;&#8212;&#8212;&#8212;&#8212;&#8212;&#8212;&#8212;&#8212;&#8212;&#8212;&#8212;&#8212;&#8212;&#8212;&#8212;&#8212;&#8212;&#8212;&#8211;<\/p>\n<p class=\"\">&nbsp;<\/p>\n<p class=\"\">&nbsp;<\/p>\n<p class=\"\" style=\"margin-top: 20px; text-align: center;\"><a class=\"btn-color-3 btn btn-uppercase btn-pill btn-3d btn-normal\" href=\"\/en\/jce.crew.sim@gmail.com\/\">Has Click!<\/a><\/p>\n<p class=\"\">&nbsp;<\/p>\n<\/div>\n<div class=\"col-md-3 col-sm-6 col-xs-6 col-lg-3 wow pulse\" data-wow-duration=\"1.4s\" data-wow-delay=\"1.3s\">\n<p class=\"\" style=\"margin-top: 25px;\"><img decoding=\"async\" class=\"bg-img alignnone wp-image-634 size-medium\" src=\"https:\/\/jcecrewsim.online\/wp-content\/uploads\/2022\/08\/64_0_400_250.16722408027_2022-8-29_17-27-35-579-1024x561.jpg\" alt=\"\" width=\"400\" height=\"250\" srcset=\"https:\/\/jcecrewsim.online\/wp-content\/uploads\/2022\/08\/64_0_400_250.16722408027_2022-8-29_17-27-35-579-1024x561.jpg 400w, https:\/\/jcecrewsim.online\/wp-content\/uploads\/2022\/08\/2022-8-29_17-27-35-579-18x10.jpg 18w\" sizes=\"(max-width: 400px) 100vw, 400px\" \/><\/p>\n<p class=\"\" style=\"margin-top: 25px;\"><img decoding=\"async\" class=\"bg-img alignnone wp-image-636 size-medium\" src=\"https:\/\/jcecrewsim.online\/wp-content\/uploads\/2022\/08\/0_0_400_250.16722408027_2022-8-29_18-52-39-505-1024x561.jpg\" alt=\"\" width=\"400\" height=\"250\" srcset=\"https:\/\/jcecrewsim.online\/wp-content\/uploads\/2022\/08\/0_0_400_250.16722408027_2022-8-29_18-52-39-505-1024x561.jpg 400w, https:\/\/jcecrewsim.online\/wp-content\/uploads\/2022\/08\/2022-8-29_18-52-39-505-18x10.jpg 18w\" sizes=\"(max-width: 400px) 100vw, 400px\" \/><\/p>\n<p class=\"\" style=\"margin-top: 25px;\"><img loading=\"lazy\" decoding=\"async\" class=\"bg-img alignnone wp-image-640 size-medium\" src=\"https:\/\/jcecrewsim.online\/wp-content\/uploads\/2022\/08\/0_0_400_250.16722408027_2022-5-29_16-42-16-769-1024x561.jpg\" alt=\"\" width=\"400\" height=\"250\" srcset=\"https:\/\/jcecrewsim.online\/wp-content\/uploads\/2022\/08\/0_0_400_250.16722408027_2022-5-29_16-42-16-769-1024x561.jpg 400w, https:\/\/jcecrewsim.online\/wp-content\/uploads\/2022\/08\/2022-5-29_16-42-16-769-18x10.jpg 18w\" sizes=\"(max-width: 400px) 100vw, 400px\" \/><\/p>\n<p class=\"\" style=\"margin-top: 25px;\"><img loading=\"lazy\" decoding=\"async\" class=\"bg-img alignnone wp-image-642 size-medium\" src=\"https:\/\/jcecrewsim.online\/wp-content\/uploads\/2022\/08\/0_0_400_250.16722408027_2022-5-29_16-47-13-928-1024x561.jpg\" alt=\"\" width=\"400\" height=\"250\" srcset=\"https:\/\/jcecrewsim.online\/wp-content\/uploads\/2022\/08\/0_0_400_250.16722408027_2022-5-29_16-47-13-928-1024x561.jpg 400w, https:\/\/jcecrewsim.online\/wp-content\/uploads\/2022\/08\/2022-5-29_16-47-13-928-18x10.jpg 18w\" sizes=\"(max-width: 400px) 100vw, 400px\" \/><\/p>\n<\/div>\n<div class=\"col-md-3 col-sm-6 col-xs-6 col-lg-3 wow pulse\" data-wow-duration=\"1.6s\" data-wow-delay=\"1.5s\">\n<p class=\"\" style=\"margin-top: 25px;\"><img loading=\"lazy\" decoding=\"async\" class=\"bg-img alignnone wp-image-635 size-medium\" src=\"https:\/\/jcecrewsim.online\/wp-content\/uploads\/2022\/08\/0_0_400_250.16722408027_2022-8-29_18-51-52-403-1024x561.jpg\" alt=\"\" width=\"400\" height=\"250\" srcset=\"https:\/\/jcecrewsim.online\/wp-content\/uploads\/2022\/08\/0_0_400_250.16722408027_2022-8-29_18-51-52-403-1024x561.jpg 400w, https:\/\/jcecrewsim.online\/wp-content\/uploads\/2022\/08\/2022-8-29_18-51-52-403-18x10.jpg 18w\" sizes=\"(max-width: 400px) 100vw, 400px\" \/><\/p>\n<p class=\"\" style=\"margin-top: 25px;\"><img loading=\"lazy\" decoding=\"async\" class=\"bg-img alignnone wp-image-638 size-medium\" src=\"https:\/\/jcecrewsim.online\/wp-content\/uploads\/2022\/08\/10_0_400_250.16722408027_2022-8-29_19-20-35-227-1024x561.jpg\" alt=\"\" width=\"400\" height=\"250\" srcset=\"https:\/\/jcecrewsim.online\/wp-content\/uploads\/2022\/08\/10_0_400_250.16722408027_2022-8-29_19-20-35-227-1024x561.jpg 400w, https:\/\/jcecrewsim.online\/wp-content\/uploads\/2022\/08\/2022-8-29_19-20-35-227-18x10.jpg 18w\" sizes=\"(max-width: 400px) 100vw, 400px\" \/><\/p>\n<p class=\"\" style=\"margin-top: 25px;\"><img loading=\"lazy\" decoding=\"async\" class=\"bg-img alignnone wp-image-641 size-medium\" src=\"https:\/\/jcecrewsim.online\/wp-content\/uploads\/2022\/08\/64_0_400_250.16722408027_2022-5-29_16-43-36-862-1024x561.jpg\" alt=\"\" width=\"400\" height=\"250\" srcset=\"https:\/\/jcecrewsim.online\/wp-content\/uploads\/2022\/08\/64_0_400_250.16722408027_2022-5-29_16-43-36-862-1024x561.jpg 400w, https:\/\/jcecrewsim.online\/wp-content\/uploads\/2022\/08\/2022-5-29_16-43-36-862-18x10.jpg 18w\" sizes=\"(max-width: 400px) 100vw, 400px\" \/><\/p>\n<p class=\"\" style=\"margin-top: 25px;\"><img loading=\"lazy\" decoding=\"async\" class=\"bg-img alignnone wp-image-639 size-medium\" src=\"https:\/\/jcecrewsim.online\/wp-content\/uploads\/2022\/08\/5_0_400_250.16722408027_2022-8-29_19-22-57-14-1024x561.jpg\" alt=\"\" width=\"400\" height=\"250\" srcset=\"https:\/\/jcecrewsim.online\/wp-content\/uploads\/2022\/08\/5_0_400_250.16722408027_2022-8-29_19-22-57-14-1024x561.jpg 400w, https:\/\/jcecrewsim.online\/wp-content\/uploads\/2022\/08\/2022-8-29_19-22-57-14-18x10.jpg 18w\" sizes=\"(max-width: 400px) 100vw, 400px\" \/><\/p>\n<\/div>\n<\/div>\n<\/div>\n<\/div>\n<div class=\"boldgrid-section\">\n<div class=\"container\">\n<div class=\"row\">\n<div class=\"col-lg-12 col-md-12 col-xs-12 col-sm-12\">\n<p class=\"\">&nbsp;<\/p>\n<\/div>\n<\/div>\n<\/div>\n<\/div>","protected":false},"excerpt":{"rendered":"<p>Inducci\u00f3n a Airbus A319-A320-A321 REQUISITOS Tener muchas ganas de aprender !! TE GUIAREMOS DE FORMA QUE APRENDER\u00c1S DE LA MEJOR MANERA POSIBLE COMO: EXPLICACI\u00d3N&nbsp;DE SISTEMAS MANEJO DE CHECKLIST Y FCOM LLENAR EL MCDU CALL-OUTS Contactanos &nbsp; &nbsp; &nbsp; Quieres aprender sobre el Airbus? En JCE CREW SIM te guiamos en los sistemas, procedimientos, como llenar [&hellip;]<\/p>","protected":false},"author":1,"featured_media":0,"parent":0,"menu_order":0,"comment_status":"closed","ping_status":"closed","template":"","meta":{"bgseo_title":"","bgseo_description":"","bgseo_robots_index":"index","bgseo_robots_follow":"follow","_joinchat":[],"footnotes":""},"class_list":["post-625","page","type-page","status-publish"],"aioseo_notices":[],"_links":{"self":[{"href":"https:\/\/jcecrewsim.online\/en\/wp-json\/wp\/v2\/pages\/625","targetHints":{"allow":["GET"]}}],"collection":[{"href":"https:\/\/jcecrewsim.online\/en\/wp-json\/wp\/v2\/pages"}],"about":[{"href":"https:\/\/jcecrewsim.online\/en\/wp-json\/wp\/v2\/types\/page"}],"author":[{"embeddable":true,"href":"https:\/\/jcecrewsim.online\/en\/wp-json\/wp\/v2\/users\/1"}],"replies":[{"embeddable":true,"href":"https:\/\/jcecrewsim.online\/en\/wp-json\/wp\/v2\/comments?post=625"}],"version-history":[{"count":6,"href":"https:\/\/jcecrewsim.online\/en\/wp-json\/wp\/v2\/pages\/625\/revisions"}],"predecessor-version":[{"id":783,"href":"https:\/\/jcecrewsim.online\/en\/wp-json\/wp\/v2\/pages\/625\/revisions\/783"}],"wp:attachment":[{"href":"https:\/\/jcecrewsim.online\/en\/wp-json\/wp\/v2\/media?parent=625"}],"curies":[{"name":"wp","href":"https:\/\/api.w.org\/{rel}","templated":true}]}}