{"id":583,"date":"2022-08-12T14:12:05","date_gmt":"2022-08-12T14:12:05","guid":{"rendered":"https:\/\/jcecrewsim.online\/?page_id=583"},"modified":"2022-11-27T23:32:34","modified_gmt":"2022-11-27T23:32:34","slug":"583-2","status":"publish","type":"page","link":"https:\/\/jcecrewsim.online\/en\/583-2\/","title":{"rendered":"ENTREVISTAS A PERSONAL AERON\u00c1UTICO"},"content":{"rendered":"<div class=\"tmpl-media-11 boldgrid-section dynamic-gridblock background-parallax\" style=\"width: auto; background-color: rgba(37, 55, 74, 0);\">\n<div class=\"container\">\n<div class=\"row\" style=\"padding-top: 20px; padding-bottom: 20px;\">\n<div class=\"col-md-8 col-xs-12 col-sm-8 col-lg-9\">\n<h3 class=\"color3-color\" style=\"font-weight: 600; text-align: center;\" data-font-weight=\"600\">Este espacio esta dirigido a motivar a las personas, cada historia de las siguientes entrevistas son indicadores que todo sue\u00f1o lo podemos hacer realidad con paciencia, constancia y dedicaci\u00f3n!<br \/>\nCUMPLE TUS SUE\u00d1OS!<\/h3>\n<\/div>\n<div class=\"col-md-4 col-xs-12 col-sm-4 align-column-bottom col-lg-3\">\n<p class=\"\" style=\"margin-top: 15px; padding: 0em; margin-right: 0px; margin-left: 71px;\"><strong><a class=\"btn-color-5 btn btn-rounded btn-normal\" href=\"https:\/\/www.youtube.com\/channel\/UCTr5NbBa77Unh5ijd0MHP8Q\/featured\">YouTube<\/a><\/strong><\/p>\n<\/div>\n<\/div>\n<div class=\"row\" style=\"padding-bottom: 20px;\">\n<div class=\"col-md-6 col-xs-12 col-sm-6 text-center col-lg-6\">\n<div class=\"bg-video bg-video-1 color5-border-color\" data-imhwpb-draggable=\"true\">\n<p><iframe title=\"\ud83e\uddd1\u200d\u2708\ufe0f Cap. Francisco Benitez \ud83c\udfa4 ENTREVISTA A UN PILOTO. Aspiras a ser Piloto? \u2708\ufe0f\" width=\"560\" height=\"315\" src=\"https:\/\/www.youtube.com\/embed\/KoJcf1wa_Yo?feature=oembed\" frameborder=\"0\" allow=\"accelerometer; autoplay; clipboard-write; encrypted-media; gyroscope; picture-in-picture\" allowfullscreen><\/iframe><\/p>\n<\/div>\n<\/div>\n<div class=\"col-md-6 col-xs-12 col-sm-6 text-center col-lg-6\">\n<div class=\"bg-video bg-video-1 color5-border-color\" data-imhwpb-draggable=\"true\">\n<p><iframe title=\"\ud83e\uddd1\u200d\u2708\ufe0f Cap. Andres Guerra \ud83c\udfa4 ENTREVISTA A UN PILOTO \ud83d\udeeb La pasi\u00f3n me lleva a tener disciplina \u2708\ufe0f\" width=\"560\" height=\"315\" src=\"https:\/\/www.youtube.com\/embed\/uBrtPaZU5q8?feature=oembed\" frameborder=\"0\" allow=\"accelerometer; autoplay; clipboard-write; encrypted-media; gyroscope; picture-in-picture\" allowfullscreen><\/iframe><\/p>\n<\/div>\n<\/div>\n<\/div>\n<div class=\"row\" style=\"padding-bottom: 20px;\">\n<div class=\"col-md-6 col-xs-12 col-sm-6 text-center col-lg-6\">\n<div class=\"bg-video bg-video-1 color5-border-color\" data-imhwpb-draggable=\"true\">\n<p><iframe title=\"\ud83e\uddd1\u200d\u2708\ufe0f Cap. Paul Arellano \ud83c\udfa4 ENTREVISTA A UN PILOTO. Tienes que estar inmerso en aviaci\u00f3n \u2708\ufe0f\" width=\"560\" height=\"315\" src=\"https:\/\/www.youtube.com\/embed\/FYcnX0G7EA4?feature=oembed\" frameborder=\"0\" allow=\"accelerometer; autoplay; clipboard-write; encrypted-media; gyroscope; picture-in-picture\" allowfullscreen><\/iframe><\/p>\n<\/div>\n<\/div>\n<div class=\"col-md-6 col-xs-12 col-sm-6 text-center col-lg-6\">\n<div class=\"bg-video bg-video-1 color5-border-color\" data-imhwpb-draggable=\"true\">\n<p><iframe title=\"\ud83e\uddd1\u200d\u2708\ufe0f Cap. Juan Camilo Ruiz \ud83c\udfa4 ENTREVISTA A UN PILOTO. No paren de perseverar \u2708\ufe0f\" width=\"560\" height=\"315\" src=\"https:\/\/www.youtube.com\/embed\/rs3CGitbLgM?feature=oembed\" frameborder=\"0\" allow=\"accelerometer; autoplay; clipboard-write; encrypted-media; gyroscope; picture-in-picture\" allowfullscreen><\/iframe><\/p>\n<\/div>\n<\/div>\n<\/div>\n<div class=\"row\" style=\"padding-bottom: 20px;\">\n<div class=\"col-md-6 col-xs-12 col-sm-6 text-center col-lg-6\">\n<div class=\"bg-video bg-video-1 color5-border-color\" data-imhwpb-draggable=\"true\">\n<p><iframe title=\"\u2708\ufe0fTCP. Andrea Tito\ud83c\udfa4ENTREVISTA A UNA TRIPULANTE DE CABINA. Detras del uniforme hay mucha preparacion!\" width=\"560\" height=\"315\" src=\"https:\/\/www.youtube.com\/embed\/sLPh2Orjq6E?feature=oembed\" frameborder=\"0\" allow=\"accelerometer; autoplay; clipboard-write; encrypted-media; gyroscope; picture-in-picture\" allowfullscreen><\/iframe><\/p>\n<\/div>\n<\/div>\n<div class=\"col-md-6 col-xs-12 col-sm-6 text-center col-lg-6\">\n<div class=\"bg-video bg-video-1 color5-border-color\" data-imhwpb-draggable=\"true\">\n<p><iframe title=\"\ud83e\uddd1\u200d\u2708\ufe0f Cap. Byron Mina Jr. \ud83c\udfa4 ENTREVISTA A UN PILOTO. Carrera de paciencia y no de velocidad. \u2708\ufe0f\" width=\"560\" height=\"315\" src=\"https:\/\/www.youtube.com\/embed\/NUJeQGUmtos?feature=oembed\" frameborder=\"0\" allow=\"accelerometer; autoplay; clipboard-write; encrypted-media; gyroscope; picture-in-picture\" allowfullscreen><\/iframe><\/p>\n<\/div>\n<\/div>\n<\/div>\n<div class=\"row\" style=\"padding-bottom: 20px;\">\n<div class=\"col-md-6 col-xs-12 col-sm-6 text-center col-lg-6\">\n<div class=\"bg-video bg-video-1 color5-border-color\" data-imhwpb-draggable=\"true\">\n<p><iframe title=\"\ud83e\uddd1\u200d\u2708\ufe0f Cap. Pedro Purtschert \ud83c\udfa4 ENTREVISTA A UN PILOTO. La conciencia es lo que hace un vuelo seguro \u2708\ufe0f\" width=\"560\" height=\"315\" src=\"https:\/\/www.youtube.com\/embed\/BtWZ1HdC2SQ?feature=oembed\" frameborder=\"0\" allow=\"accelerometer; autoplay; clipboard-write; encrypted-media; gyroscope; picture-in-picture\" allowfullscreen><\/iframe><\/p>\n<\/div>\n<\/div>\n<div class=\"col-md-6 col-xs-12 col-sm-6 text-center col-lg-6\">\n<div class=\"bg-video bg-video-1 color5-border-color\" data-imhwpb-draggable=\"true\">\n<p><iframe title=\"\u2708\ufe0fTCP. Andrea Martinez\ud83c\udfa4ENTREVISTA A UNA TRIPULANTE DE CABINA. Para este trabajo necesitas vocaci\u00f3n!\" width=\"560\" height=\"315\" src=\"https:\/\/www.youtube.com\/embed\/t7-x55Fk4-g?feature=oembed\" frameborder=\"0\" allow=\"accelerometer; autoplay; clipboard-write; encrypted-media; gyroscope; picture-in-picture\" allowfullscreen><\/iframe><\/p>\n<\/div>\n<\/div>\n<\/div>\n<div class=\"row\" style=\"padding-bottom: 20px;\">\n<div class=\"col-md-6 col-xs-12 col-sm-6 text-center col-lg-6\">\n<div class=\"bg-video bg-video-1 color5-border-color\" data-imhwpb-draggable=\"true\">\n<p><iframe title=\"\ud83e\uddd1\u200d\u2708\ufe0fCap. Hugo Cobo\ud83c\udfa4 ENTREVISTA A UN PILOTO. Crean que se puede! Ser constante y humilde es clave\u2708\ufe0f\" width=\"560\" height=\"315\" src=\"https:\/\/www.youtube.com\/embed\/IPkwOTZPcmg?feature=oembed\" frameborder=\"0\" allow=\"accelerometer; autoplay; clipboard-write; encrypted-media; gyroscope; picture-in-picture\" allowfullscreen><\/iframe><\/p>\n<\/div>\n<\/div>\n<div class=\"col-md-6 col-xs-12 col-sm-6 text-center col-lg-6\">\n<div class=\"bg-video bg-video-1 color5-border-color\" data-imhwpb-draggable=\"true\">\n<p><iframe title=\"\ud83e\uddd1\u200d\u2708\ufe0fCap. Claudio Haro\ud83c\udfa4 ENTREVISTA A UN PILOTO. Que se preparen mucho!\u2708\ufe0f\" width=\"560\" height=\"315\" src=\"https:\/\/www.youtube.com\/embed\/Q_csic6ct0s?feature=oembed\" frameborder=\"0\" allow=\"accelerometer; autoplay; clipboard-write; encrypted-media; gyroscope; picture-in-picture\" allowfullscreen><\/iframe><\/p>\n<\/div>\n<\/div>\n<\/div>\n<div class=\"row\" style=\"padding-bottom: 20px;\">\n<div class=\"col-md-6 col-xs-12 col-sm-6 text-center col-lg-6\">\n<div class=\"bg-video bg-video-1 color5-border-color\" data-imhwpb-draggable=\"true\">\n<p><iframe title=\"\ud83e\uddd1\u200d\u2708\ufe0fCap. Juan Salinas\ud83c\udfa4 ENTREVISTA A UN PILOTO. So\u00f1ar es gratis. No existen excusas!\u2708\ufe0f\" width=\"560\" height=\"315\" src=\"https:\/\/www.youtube.com\/embed\/pJt66YmWFb0?feature=oembed\" frameborder=\"0\" allow=\"accelerometer; autoplay; clipboard-write; encrypted-media; gyroscope; picture-in-picture\" allowfullscreen><\/iframe><\/p>\n<\/div>\n<\/div>\n<div class=\"col-md-6 col-xs-12 col-sm-6 text-center col-lg-6\">\n<div class=\"bg-video bg-video-1 color5-border-color\" data-imhwpb-draggable=\"true\">\n<p><iframe title=\"\ud83e\uddd1\u200d\u2708\ufe0fCap. Roberto Cifuentes\ud83c\udfa4 ENTREVISTA A UN PILOTO. Ser constante y tener vocaci\u00f3n!\u2708\ufe0f\" width=\"560\" height=\"315\" src=\"https:\/\/www.youtube.com\/embed\/G78pzCYoNxk?feature=oembed\" frameborder=\"0\" allow=\"accelerometer; autoplay; clipboard-write; encrypted-media; gyroscope; picture-in-picture\" allowfullscreen><\/iframe><\/p>\n<\/div>\n<\/div>\n<\/div>\n<div class=\"row\" style=\"padding-bottom: 20px;\">\n<div class=\"col-md-6 col-xs-12 col-sm-6 text-center col-lg-6\">\n<div class=\"bg-video bg-video-1 color5-border-color\" data-imhwpb-draggable=\"true\">\n<p><iframe title=\"\ud83e\uddd1\u200d\u2708\ufe0fCap. Juanse Ponce\ud83c\udfa4 ENTREVISTA A UN PILOTO. Siempre seguir para adelante!\u2708\ufe0f\" width=\"560\" height=\"315\" src=\"https:\/\/www.youtube.com\/embed\/FT-Sox4ibJY?feature=oembed\" frameborder=\"0\" allow=\"accelerometer; autoplay; clipboard-write; encrypted-media; gyroscope; picture-in-picture\" allowfullscreen><\/iframe><\/p>\n<\/div>\n<\/div>\n<div class=\"col-md-6 col-xs-12 col-sm-6 text-center col-lg-6\">\n<div class=\"bg-video bg-video-1 color5-border-color\" data-imhwpb-draggable=\"true\">\n<p><iframe title=\"\ud83e\uddd1\u200d\u2708\ufe0fCap. Juanca Santillan\ud83c\udfa4ENTREVISTA A UN PILOTO Mientras m\u00e1s grande seas. M\u00e1s humilde tienes ser!\u2708\ufe0f\" width=\"560\" height=\"315\" src=\"https:\/\/www.youtube.com\/embed\/hRufG1vOFOU?feature=oembed\" frameborder=\"0\" allow=\"accelerometer; autoplay; clipboard-write; encrypted-media; gyroscope; picture-in-picture\" allowfullscreen><\/iframe><\/p>\n<\/div>\n<\/div>\n<\/div>\n<div class=\"row\" style=\"padding-bottom: 20px;\">\n<div class=\"col-md-6 col-xs-12 col-sm-6 text-center col-lg-6\">\n<div class=\"bg-video bg-video-1 color5-border-color\" data-imhwpb-draggable=\"true\">\n<p><iframe title=\"\ud83e\uddd1\u200d\u2708\ufe0fCap. Juan Andres Jil\ud83c\udfa4 ENTREVISTA A UN PILOTO. Preparaci\u00f3n es la clave!\u2708\ufe0f\" width=\"560\" height=\"315\" src=\"https:\/\/www.youtube.com\/embed\/RhVaBUGZowM?feature=oembed\" frameborder=\"0\" allow=\"accelerometer; autoplay; clipboard-write; encrypted-media; gyroscope; picture-in-picture\" allowfullscreen><\/iframe><\/p>\n<\/div>\n<\/div>\n<div class=\"col-md-6 col-xs-12 col-sm-6 text-center col-lg-6\">\n<div class=\"bg-video bg-video-1 color5-border-color\" data-imhwpb-draggable=\"true\">\n<p><iframe title=\"\ud83e\uddd1\u200d\u2708\ufe0fCap. Ruben Castro\ud83c\udfa4 ENTREVISTA A UN PILOTO. Hay que seguir estudiando todos los d\u00edas!\u2708\ufe0f\" width=\"560\" height=\"315\" src=\"https:\/\/www.youtube.com\/embed\/Ti0kgBDjfKs?feature=oembed\" frameborder=\"0\" allow=\"accelerometer; autoplay; clipboard-write; encrypted-media; gyroscope; picture-in-picture\" allowfullscreen><\/iframe><\/p>\n<\/div>\n<\/div>\n<\/div>\n<div class=\"row\" style=\"padding-bottom: 20px;\">\n<div class=\"col-md-6 col-xs-12 col-sm-6 text-center col-lg-6\">\n<div class=\"bg-video bg-video-1 color5-border-color\" data-imhwpb-draggable=\"true\">\n<p><iframe title=\"\ud83e\uddd1\u200d\u2708\ufe0fCap. Alfredo Escalante\ud83c\udfa4ENTREVISTA A UN PILOTO. Se consciente de la responsabilidad que llevas!\u2708\ufe0f\" width=\"560\" height=\"315\" src=\"https:\/\/www.youtube.com\/embed\/N-g_-VJ6H9I?feature=oembed\" frameborder=\"0\" allow=\"accelerometer; autoplay; clipboard-write; encrypted-media; gyroscope; picture-in-picture\" allowfullscreen><\/iframe><\/p>\n<\/div>\n<\/div>\n<div class=\"col-md-6 col-xs-12 col-sm-6 text-center col-lg-6\">\n<div class=\"bg-video bg-video-1 color5-border-color\" data-imhwpb-draggable=\"true\">\n<p><iframe title=\"\ud83e\uddd1\u200d\u2708\ufe0fCap. Francisco Lopez\ud83c\udfa4 ENTREVISTA A UN PILOTO. Si volar te gusta, hay un piloto en ti!\u2708\ufe0f\" width=\"560\" height=\"315\" src=\"https:\/\/www.youtube.com\/embed\/RZkkxmXzbAo?feature=oembed\" frameborder=\"0\" allow=\"accelerometer; autoplay; clipboard-write; encrypted-media; gyroscope; picture-in-picture\" allowfullscreen><\/iframe><\/p>\n<\/div>\n<\/div>\n<\/div>\n<div class=\"row\" style=\"padding-bottom: 20px;\">\n<div class=\"col-md-6 col-xs-12 col-sm-6 text-center col-lg-6\">\n<div class=\"bg-video bg-video-1 color5-border-color\" data-imhwpb-draggable=\"true\">\n<p><iframe title=\"\ud83e\uddd1\u200d\u2708\ufe0fCap. Ignacio Vega\ud83c\udfa4 ENTREVISTA A UN PILOTO. Sean pacientes y prep\u00e1rense!!\u2708\ufe0f\" width=\"560\" height=\"315\" src=\"https:\/\/www.youtube.com\/embed\/cCLSB3PrOHU?feature=oembed\" frameborder=\"0\" allow=\"accelerometer; autoplay; clipboard-write; encrypted-media; gyroscope; picture-in-picture\" allowfullscreen><\/iframe><\/p>\n<\/div>\n<\/div>\n<div class=\"col-md-6 col-xs-12 col-sm-6 text-center col-lg-6\">\n<div class=\"bg-video bg-video-1 color5-border-color\" data-imhwpb-draggable=\"true\">\n<p><iframe title=\"\ud83e\uddd1\u200d\u2708\ufe0fCap. Patricio Moscoso\ud83c\udfa4 ENTREVISTA A UN PILOTO. Para ser piloto tiene que realmente gustarte!!\u2708\ufe0f\" width=\"560\" height=\"315\" src=\"https:\/\/www.youtube.com\/embed\/ufy8x5-g0GU?feature=oembed\" frameborder=\"0\" allow=\"accelerometer; autoplay; clipboard-write; encrypted-media; gyroscope; picture-in-picture\" allowfullscreen><\/iframe><\/p>\n<\/div>\n<\/div>\n<\/div>\n<div class=\"row\" style=\"padding-bottom: 20px;\">\n<div class=\"col-md-6 col-xs-12 col-sm-6 text-center col-lg-6\">\n<div class=\"bg-video bg-video-1 color5-border-color\" data-imhwpb-draggable=\"true\">\n<p><iframe title=\"\ud83e\uddd1\u200d\u2708\ufe0fCap. Diego Apolo\ud83c\udfa4 ENTREVISTA A UN PILOTO. No pierdan la FE!\u2708\ufe0f\" width=\"560\" height=\"315\" src=\"https:\/\/www.youtube.com\/embed\/2sigY-SnIUc?feature=oembed\" frameborder=\"0\" allow=\"accelerometer; autoplay; clipboard-write; encrypted-media; gyroscope; picture-in-picture\" allowfullscreen><\/iframe><\/p>\n<\/div>\n<\/div>\n<div class=\"col-md-6 col-xs-12 col-sm-6 text-center col-lg-6\">\n<div class=\"bg-video bg-video-1 color5-border-color\" data-imhwpb-draggable=\"true\"><\/div>\n<\/div>\n<\/div>\n<\/div>\n<\/div>\n<div class=\"boldgrid-section\">\n<div class=\"container\">\n<div class=\"row\">\n<div class=\"col-lg-12 col-md-12 col-xs-12 col-sm-12\">\n<p class=\"\">&nbsp;<\/p>\n<\/div>\n<\/div>\n<\/div>\n<\/div>","protected":false},"excerpt":{"rendered":"<p>Este espacio esta dirigido a motivar a las personas, cada historia de las siguientes entrevistas son indicadores que todo sue\u00f1o lo podemos hacer realidad con paciencia, constancia y dedicaci\u00f3n! CUMPLE TUS SUE\u00d1OS! YouTube &nbsp;<\/p>","protected":false},"author":1,"featured_media":0,"parent":0,"menu_order":0,"comment_status":"closed","ping_status":"closed","template":"","meta":{"bgseo_title":"","bgseo_description":"","bgseo_robots_index":"index","bgseo_robots_follow":"follow","_joinchat":[],"footnotes":""},"class_list":["post-583","page","type-page","status-publish"],"aioseo_notices":[],"_links":{"self":[{"href":"https:\/\/jcecrewsim.online\/en\/wp-json\/wp\/v2\/pages\/583","targetHints":{"allow":["GET"]}}],"collection":[{"href":"https:\/\/jcecrewsim.online\/en\/wp-json\/wp\/v2\/pages"}],"about":[{"href":"https:\/\/jcecrewsim.online\/en\/wp-json\/wp\/v2\/types\/page"}],"author":[{"embeddable":true,"href":"https:\/\/jcecrewsim.online\/en\/wp-json\/wp\/v2\/users\/1"}],"replies":[{"embeddable":true,"href":"https:\/\/jcecrewsim.online\/en\/wp-json\/wp\/v2\/comments?post=583"}],"version-history":[{"count":9,"href":"https:\/\/jcecrewsim.online\/en\/wp-json\/wp\/v2\/pages\/583\/revisions"}],"predecessor-version":[{"id":751,"href":"https:\/\/jcecrewsim.online\/en\/wp-json\/wp\/v2\/pages\/583\/revisions\/751"}],"wp:attachment":[{"href":"https:\/\/jcecrewsim.online\/en\/wp-json\/wp\/v2\/media?parent=583"}],"curies":[{"name":"wp","href":"https:\/\/api.w.org\/{rel}","templated":true}]}}