{"id":5,"date":"2022-01-28T00:57:41","date_gmt":"2022-01-28T00:57:41","guid":{"rendered":"https:\/\/jcecrewsim.online\/home\/"},"modified":"2024-11-08T16:14:16","modified_gmt":"2024-11-08T16:14:16","slug":"home","status":"publish","type":"page","link":"https:\/\/jcecrewsim.online\/en\/","title":{"rendered":"HOME PAGE"},"content":{"rendered":"<div data-elementor-type=\"wp-page\" data-elementor-id=\"5\" class=\"elementor elementor-5\">\n\t\t\t\t\t\t<section class=\"elementor-section elementor-top-section elementor-element elementor-element-45f8b912 elementor-section-boxed elementor-section-height-default elementor-section-height-default\" data-id=\"45f8b912\" data-element_type=\"section\">\n\t\t\t\t\t\t<div class=\"elementor-container elementor-column-gap-default\">\n\t\t\t\t\t<div class=\"elementor-column elementor-col-100 elementor-top-column elementor-element elementor-element-26357b2f\" data-id=\"26357b2f\" data-element_type=\"column\">\n\t\t\t<div class=\"elementor-widget-wrap elementor-element-populated\">\n\t\t\t\t\t\t<div class=\"elementor-element elementor-element-8922e41 elementor-widget elementor-widget-testimonial\" data-id=\"8922e41\" data-element_type=\"widget\" data-widget_type=\"testimonial.default\">\n\t\t\t\t<div class=\"elementor-widget-container\">\n\t\t\t\t\t\t\t<div class=\"elementor-testimonial-wrapper\">\n\t\t\t\t\t\t\t<div class=\"elementor-testimonial-content\">Conozco a JCE CREW SIM y es un excelente Profesional y sabe mucho del tema de aerol\u00ednea. Excelente pagina y definitivamente es super \u00fatil y beneficioso para prepararse para un proceso de selecci\u00f3n y sobretodo para solidificar los conocimientos que uno como piloto necesita al momento de una entrevista y vuelo.<\/div>\n\t\t\t\n\t\t\t\t\t\t<div class=\"elementor-testimonial-meta elementor-has-image elementor-testimonial-image-position-aside\">\n\t\t\t\t<div class=\"elementor-testimonial-meta-inner\">\n\t\t\t\t\t\t\t\t\t\t\t<div class=\"elementor-testimonial-image\">\n\t\t\t\t\t\t\t<img fetchpriority=\"high\" decoding=\"async\" width=\"768\" height=\"1024\" src=\"https:\/\/jcecrewsim.online\/wp-content\/uploads\/2022\/02\/IMG-20220208-WA0009-768x1024.jpg\" class=\"attachment-medium_large size-medium_large wp-image-338\" alt=\"\" srcset=\"https:\/\/jcecrewsim.online\/wp-content\/uploads\/2022\/02\/IMG-20220208-WA0009-768x1024.jpg 768w, https:\/\/jcecrewsim.online\/wp-content\/uploads\/2022\/02\/IMG-20220208-WA0009-225x300.jpg 225w, https:\/\/jcecrewsim.online\/wp-content\/uploads\/2022\/02\/IMG-20220208-WA0009-1152x1536.jpg 1152w, https:\/\/jcecrewsim.online\/wp-content\/uploads\/2022\/02\/IMG-20220208-WA0009-250x333.jpg 250w, https:\/\/jcecrewsim.online\/wp-content\/uploads\/2022\/02\/IMG-20220208-WA0009-550x733.jpg 550w, https:\/\/jcecrewsim.online\/wp-content\/uploads\/2022\/02\/IMG-20220208-WA0009-800x1067.jpg 800w, https:\/\/jcecrewsim.online\/wp-content\/uploads\/2022\/02\/IMG-20220208-WA0009-135x180.jpg 135w, https:\/\/jcecrewsim.online\/wp-content\/uploads\/2022\/02\/IMG-20220208-WA0009-375x500.jpg 375w, https:\/\/jcecrewsim.online\/wp-content\/uploads\/2022\/02\/IMG-20220208-WA0009.jpg 1536w\" sizes=\"(max-width: 768px) 100vw, 768px\" \/>\t\t\t\t\t\t<\/div>\n\t\t\t\t\t\n\t\t\t\t\t\t\t\t\t\t<div class=\"elementor-testimonial-details\">\n\t\t\t\t\t\t\t\t\t\t\t\t\t\t<div class=\"elementor-testimonial-name\">Cap. Andres Guerra<\/div>\n\t\t\t\t\t\t\t\t\t\t\t\t\t\t\t\t\t\t\t\t\t\t<div class=\"elementor-testimonial-job\">F\/O Atlas Air \/ JetBlue \/<br>American Airlines B737NG-MAX<\/div>\n\t\t\t\t\t\t\t\t\t\t\t\t\t<\/div>\n\t\t\t\t\t\t\t\t\t<\/div>\n\t\t\t<\/div>\n\t\t\t\t\t<\/div>\n\t\t\t\t\t\t<\/div>\n\t\t\t\t<\/div>\n\t\t\t\t<div class=\"elementor-element elementor-element-a72fd37 elementor-widget elementor-widget-testimonial\" data-id=\"a72fd37\" data-element_type=\"widget\" data-widget_type=\"testimonial.default\">\n\t\t\t\t<div class=\"elementor-widget-container\">\n\t\t\t\t\t\t\t<div class=\"elementor-testimonial-wrapper\">\n\t\t\t\t\t\t\t<div class=\"elementor-testimonial-content\">Conoc\u00ed a JCE CREW SIM en la escuela mientras convalidaba mis licencias y desde el primer momento me ayud\u00f3 mucho y fue muy amable siempre. Es muy profesional y con un conocimiento extraordinario sobre todos los temas relacionados a la industria de la aviaci\u00f3n. La p\u00e1gina est\u00e1 muy interesante para poder reforzar o adquirir conocimientos nuevos. En esta carrera estamos siempre en un constante aprendizaje y estoy seguro que Juanca pondr\u00e1 su 110% para apoyar, guiar y ense\u00f1ar siempre algo m\u00e1s a todos los que pertenecemos a esta hermosa profesi\u00f3n.<\/div>\n\t\t\t\n\t\t\t\t\t\t<div class=\"elementor-testimonial-meta elementor-has-image elementor-testimonial-image-position-aside\">\n\t\t\t\t<div class=\"elementor-testimonial-meta-inner\">\n\t\t\t\t\t\t\t\t\t\t\t<div class=\"elementor-testimonial-image\">\n\t\t\t\t\t\t\t<img decoding=\"async\" width=\"1231\" height=\"1052\" src=\"https:\/\/jcecrewsim.online\/wp-content\/uploads\/2022\/02\/274024167_10159926246543656_474682872597796510_n.jpg\" class=\"attachment-full size-full wp-image-426\" alt=\"\" srcset=\"https:\/\/jcecrewsim.online\/wp-content\/uploads\/2022\/02\/274024167_10159926246543656_474682872597796510_n.jpg 1231w, https:\/\/jcecrewsim.online\/wp-content\/uploads\/2022\/02\/274024167_10159926246543656_474682872597796510_n-300x256.jpg 300w, https:\/\/jcecrewsim.online\/wp-content\/uploads\/2022\/02\/274024167_10159926246543656_474682872597796510_n-1024x875.jpg 1024w, https:\/\/jcecrewsim.online\/wp-content\/uploads\/2022\/02\/274024167_10159926246543656_474682872597796510_n-768x656.jpg 768w, https:\/\/jcecrewsim.online\/wp-content\/uploads\/2022\/02\/274024167_10159926246543656_474682872597796510_n-14x12.jpg 14w, https:\/\/jcecrewsim.online\/wp-content\/uploads\/2022\/02\/274024167_10159926246543656_474682872597796510_n-250x214.jpg 250w, https:\/\/jcecrewsim.online\/wp-content\/uploads\/2022\/02\/274024167_10159926246543656_474682872597796510_n-550x470.jpg 550w, https:\/\/jcecrewsim.online\/wp-content\/uploads\/2022\/02\/274024167_10159926246543656_474682872597796510_n-800x684.jpg 800w, https:\/\/jcecrewsim.online\/wp-content\/uploads\/2022\/02\/274024167_10159926246543656_474682872597796510_n-211x180.jpg 211w, https:\/\/jcecrewsim.online\/wp-content\/uploads\/2022\/02\/274024167_10159926246543656_474682872597796510_n-351x300.jpg 351w, https:\/\/jcecrewsim.online\/wp-content\/uploads\/2022\/02\/274024167_10159926246543656_474682872597796510_n-585x500.jpg 585w\" sizes=\"(max-width: 1231px) 100vw, 1231px\" \/>\t\t\t\t\t\t<\/div>\n\t\t\t\t\t\n\t\t\t\t\t\t\t\t\t\t<div class=\"elementor-testimonial-details\">\n\t\t\t\t\t\t\t\t\t\t\t\t\t\t<div class=\"elementor-testimonial-name\">Cap. Francisco Benitez<\/div>\n\t\t\t\t\t\t\t\t\t\t\t\t\t\t\t\t\t\t\t\t\t\t<div class=\"elementor-testimonial-job\">F\/O B737NG Copa Airlines<\/div>\n\t\t\t\t\t\t\t\t\t\t\t\t\t<\/div>\n\t\t\t\t\t\t\t\t\t<\/div>\n\t\t\t<\/div>\n\t\t\t\t\t<\/div>\n\t\t\t\t\t\t<\/div>\n\t\t\t\t<\/div>\n\t\t\t\t<div class=\"elementor-element elementor-element-e3728f1 elementor-widget elementor-widget-testimonial\" data-id=\"e3728f1\" data-element_type=\"widget\" data-widget_type=\"testimonial.default\">\n\t\t\t\t<div class=\"elementor-widget-container\">\n\t\t\t\t\t\t\t<div class=\"elementor-testimonial-wrapper\">\n\t\t\t\t\t\t\t<div class=\"elementor-testimonial-content\">Mi motivo principal en la vida y mi sue\u00f1o es ser piloto comercial. Gracias a JCE CREW SIM pude reforzar mis conocimientos esenciales de piloto tanto temas como IFR procedimientos de vuelo y para llegar a la aerol\u00ednea. El taller en JCE Crew Sim posee muchos conocimientos de refuerzo tanto ejercicios pr\u00e1cticos de vuelo y simulador de vuelo. Al momentos me encuentro recibiendo el taller y me est\u00e1 ayudado mucho a reforzar las fallas de conocimientos esenciales de vuelo , me siento muy feliz en el taller porque puedo continuar con mi carrera y seguir mejorando como piloto. JCE CREW SIM.<\/div>\n\t\t\t\n\t\t\t\t\t\t<div class=\"elementor-testimonial-meta elementor-has-image elementor-testimonial-image-position-aside\">\n\t\t\t\t<div class=\"elementor-testimonial-meta-inner\">\n\t\t\t\t\t\t\t\t\t\t\t<div class=\"elementor-testimonial-image\">\n\t\t\t\t\t\t\t<img decoding=\"async\" width=\"1024\" height=\"766\" src=\"https:\/\/jcecrewsim.online\/wp-content\/uploads\/2022\/03\/IMG-20220314-WA0039.jpg\" class=\"attachment-full size-full wp-image-464\" alt=\"\" srcset=\"https:\/\/jcecrewsim.online\/wp-content\/uploads\/2022\/03\/IMG-20220314-WA0039.jpg 1024w, https:\/\/jcecrewsim.online\/wp-content\/uploads\/2022\/03\/IMG-20220314-WA0039-300x224.jpg 300w, https:\/\/jcecrewsim.online\/wp-content\/uploads\/2022\/03\/IMG-20220314-WA0039-768x575.jpg 768w, https:\/\/jcecrewsim.online\/wp-content\/uploads\/2022\/03\/IMG-20220314-WA0039-16x12.jpg 16w, https:\/\/jcecrewsim.online\/wp-content\/uploads\/2022\/03\/IMG-20220314-WA0039-250x187.jpg 250w, https:\/\/jcecrewsim.online\/wp-content\/uploads\/2022\/03\/IMG-20220314-WA0039-550x411.jpg 550w, https:\/\/jcecrewsim.online\/wp-content\/uploads\/2022\/03\/IMG-20220314-WA0039-800x598.jpg 800w, https:\/\/jcecrewsim.online\/wp-content\/uploads\/2022\/03\/IMG-20220314-WA0039-241x180.jpg 241w, https:\/\/jcecrewsim.online\/wp-content\/uploads\/2022\/03\/IMG-20220314-WA0039-401x300.jpg 401w, https:\/\/jcecrewsim.online\/wp-content\/uploads\/2022\/03\/IMG-20220314-WA0039-668x500.jpg 668w\" sizes=\"(max-width: 1024px) 100vw, 1024px\" \/>\t\t\t\t\t\t<\/div>\n\t\t\t\t\t\n\t\t\t\t\t\t\t\t\t\t<div class=\"elementor-testimonial-details\">\n\t\t\t\t\t\t\t\t\t\t\t\t\t\t<div class=\"elementor-testimonial-name\">Cap. Luis Noboa<\/div>\n\t\t\t\t\t\t\t\t\t\t\t\t\t\t\t\t\t\t\t\t\t\t<div class=\"elementor-testimonial-job\">Piloto Comercial \/ CFI<\/div>\n\t\t\t\t\t\t\t\t\t\t\t\t\t<\/div>\n\t\t\t\t\t\t\t\t\t<\/div>\n\t\t\t<\/div>\n\t\t\t\t\t<\/div>\n\t\t\t\t\t\t<\/div>\n\t\t\t\t<\/div>\n\t\t\t\t<div class=\"elementor-element elementor-element-2e1d59c2 elementor-widget elementor-widget-text-editor\" data-id=\"2e1d59c2\" data-element_type=\"widget\" data-widget_type=\"text-editor.default\">\n\t\t\t\t<div class=\"elementor-widget-container\">\n\t\t\t\t\t\t\t\t\t<div class=\"boldgrid-section\"><div class=\"container\"><div class=\"row\" style=\"padding-bottom: 0px;\"><div class=\"col-sm-6 col-md-3 col-xs-12\"><div class=\"mod-alpha\"><p class=\"mod-reset\"><img loading=\"lazy\" decoding=\"async\" class=\"alignnone wp-image-41 size-medium\" src=\"https:\/\/jcecrewsim.online\/wp-content\/uploads\/2022\/01\/AirlinePilot-GettyImages-1158608334-300x300.jpg\" alt=\"\" width=\"300\" height=\"300\" data-imhwpb-asset-id=\"9494\" srcset=\"https:\/\/jcecrewsim.online\/wp-content\/uploads\/2022\/01\/AirlinePilot-GettyImages-1158608334-300x300.jpg 300w, https:\/\/jcecrewsim.online\/wp-content\/uploads\/2022\/01\/AirlinePilot-GettyImages-1158608334-1024x1024.jpg 1024w, https:\/\/jcecrewsim.online\/wp-content\/uploads\/2022\/01\/AirlinePilot-GettyImages-1158608334-150x150.jpg 150w, https:\/\/jcecrewsim.online\/wp-content\/uploads\/2022\/01\/AirlinePilot-GettyImages-1158608334-768x768.jpg 768w, https:\/\/jcecrewsim.online\/wp-content\/uploads\/2022\/01\/AirlinePilot-GettyImages-1158608334-1536x1536.jpg 1536w, https:\/\/jcecrewsim.online\/wp-content\/uploads\/2022\/01\/AirlinePilot-GettyImages-1158608334-48x48.jpg 48w, https:\/\/jcecrewsim.online\/wp-content\/uploads\/2022\/01\/AirlinePilot-GettyImages-1158608334-250x250.jpg 250w, https:\/\/jcecrewsim.online\/wp-content\/uploads\/2022\/01\/AirlinePilot-GettyImages-1158608334-550x550.jpg 550w, https:\/\/jcecrewsim.online\/wp-content\/uploads\/2022\/01\/AirlinePilot-GettyImages-1158608334-800x800.jpg 800w, https:\/\/jcecrewsim.online\/wp-content\/uploads\/2022\/01\/AirlinePilot-GettyImages-1158608334-180x180.jpg 180w, https:\/\/jcecrewsim.online\/wp-content\/uploads\/2022\/01\/AirlinePilot-GettyImages-1158608334-500x500.jpg 500w, https:\/\/jcecrewsim.online\/wp-content\/uploads\/2022\/01\/AirlinePilot-GettyImages-1158608334.jpg 2001w\" sizes=\"(max-width: 300px) 100vw, 300px\" \/><\/p><h2 class=\"\">Airline Preparation<\/h2><p class=\"\">\u00a0<\/p><div class=\"row bg-editor-hr-wrap\"><div class=\"col-md-12 col-xs-12 col-sm-12\"><div><hr \/><\/div><\/div><\/div><p class=\"\"><i class=\"fa fa-chevron-right\"> <\/i>Talk about selection process<\/p><div class=\"row bg-editor-hr-wrap\"><div class=\"col-md-12 col-xs-12 col-sm-12\"><hr \/><\/div><\/div><p class=\"\"><i class=\"fa fa-chevron-right\"> <\/i>Jeppesen Manual and ATP Reinforcement<\/p><div class=\"row bg-editor-hr-wrap\"><div class=\"col-md-12 col-xs-12 col-sm-12\"><hr \/><\/div><\/div><p class=\"\"><i class=\"fa fa-chevron-right\"> <\/i>Inducci\u00f3n a las sesiones de\u00a0 Simulador en procesos de selecci\u00f3n.<\/p><div class=\"row\"><div class=\"col-md-6 col-xs-12 col-sm-12\"><div><p class=\"p-button-secondary\"><a class=\"button-secondary\" href=\"\/en\/contact-us\/\">CONTACTANOS<\/a><\/p><\/div><\/div><div class=\"col-md-6 col-xs-12 col-sm-12\"><div class=\"mod-alpha-1\"><p>\u00a0<\/p><\/div><\/div><\/div><\/div><\/div><div class=\"col-sm-6 col-md-3 col-xs-12\"><div class=\"mod-alpha\"><p class=\"mod-reset\"><img loading=\"lazy\" decoding=\"async\" class=\"alignnone wp-image-42 size-medium\" src=\"https:\/\/jcecrewsim.online\/wp-content\/uploads\/2022\/01\/522_0_400_400_epic-flight-school-1024x502.jpg\" alt=\"\" width=\"400\" height=\"400\" data-imhwpb-asset-id=\"9495\" srcset=\"https:\/\/jcecrewsim.online\/wp-content\/uploads\/2022\/01\/522_0_400_400_epic-flight-school-1024x502.jpg 400w, https:\/\/jcecrewsim.online\/wp-content\/uploads\/2022\/01\/epic-flight-school-150x150.jpg 150w, https:\/\/jcecrewsim.online\/wp-content\/uploads\/2022\/01\/epic-flight-school-48x48.jpg 48w, https:\/\/jcecrewsim.online\/wp-content\/uploads\/2022\/01\/epic-flight-school-300x300.jpg 300w\" sizes=\"(max-width: 400px) 100vw, 400px\" \/><\/p><h2 class=\"\">Preparation for Flight School<\/h2><div class=\"row bg-editor-hr-wrap\"><div class=\"col-md-12 col-xs-12 col-sm-12\"><hr \/><\/div><\/div><p class=\"\"><i class=\"fa fa-chevron-right\"> <\/i>Knowledge prior to the start of your course. (PPA-IFR-PCA-MEL)<\/p><div class=\"row bg-editor-hr-wrap\"><div class=\"col-md-12 col-xs-12 col-sm-12\"><hr \/><\/div><\/div><p class=\"\"><i class=\"fa fa-chevron-right\"> <\/i>Reinforcement in each subject of each course<\/p><p>\u00a0<\/p><p>\u00a0<\/p><div class=\"row\"><div class=\"col-md-6 col-xs-12 col-sm-12\"><div><p class=\"p-button-secondary\"><a class=\"button-secondary\" href=\"\/en\/contact-us\/\">CONTACTANOS<\/a><\/p><\/div><\/div><div class=\"col-md-6 col-xs-12 col-sm-12\"><div class=\"mod-alpha-1\"><p>\u00a0<\/p><\/div><\/div><\/div><\/div><\/div><div class=\"col-sm-6 col-md-3 col-xs-12\"><div class=\"mod-alpha\"><p class=\"mod-reset\"><img loading=\"lazy\" decoding=\"async\" class=\"alignnone wp-image-68 size-medium\" src=\"https:\/\/jcecrewsim.online\/wp-content\/uploads\/2022\/01\/221_0_400_400_how-to-build-home-flight-simulator-hangarflights-1024x576.jpg\" alt=\"\" width=\"400\" height=\"400\" data-imhwpb-asset-id=\"9496\" srcset=\"https:\/\/jcecrewsim.online\/wp-content\/uploads\/2022\/01\/221_0_400_400_how-to-build-home-flight-simulator-hangarflights-1024x576.jpg 400w, https:\/\/jcecrewsim.online\/wp-content\/uploads\/2022\/01\/how-to-build-home-flight-simulator-hangarflights-150x150.jpg 150w, https:\/\/jcecrewsim.online\/wp-content\/uploads\/2022\/01\/how-to-build-home-flight-simulator-hangarflights-48x48.jpg 48w, https:\/\/jcecrewsim.online\/wp-content\/uploads\/2022\/01\/how-to-build-home-flight-simulator-hangarflights-300x300.jpg 300w\" sizes=\"(max-width: 400px) 100vw, 400px\" \/><\/p><h2 class=\"\">Flight Simulator Training<\/h2><div class=\"row bg-editor-hr-wrap\"><div class=\"col-md-12 col-xs-12 col-sm-12\"><hr \/><\/div><\/div><p class=\"\"><i class=\"fa fa-chevron-right\"> <\/i>Improve IFR knowledge<\/p><div class=\"row bg-editor-hr-wrap\"><div class=\"col-md-12 col-xs-12 col-sm-12\"><hr \/><\/div><\/div><p class=\"\"><i class=\"fa fa-chevron-right\"> <\/i>Enhance your skills<\/p><div class=\"row bg-editor-hr-wrap\"><div class=\"col-md-12 col-xs-12 col-sm-12\"><hr \/><\/div><\/div><p class=\"\"><i class=\"fa fa-chevron-right\"> <\/i>Mastering Jeppesen Airway Manual<\/p><p class=\"\">\u00a0<\/p><div class=\"row\"><div class=\"col-md-6 col-xs-12 col-sm-12\"><div><p class=\"p-button-secondary\"><a class=\"button-secondary\" href=\"\/en\/contact-us\/\">CONTACTANOS<\/a><\/p><\/div><\/div><div class=\"col-md-6 col-xs-12 col-sm-12\"><div class=\"mod-alpha-1\"><p>\u00a0<\/p><\/div><\/div><\/div><\/div><\/div><div class=\"col-sm-6 col-md-3 col-xs-12\"><div class=\"mod-alpha\"><p class=\"mod-reset\"><img loading=\"lazy\" decoding=\"async\" class=\"alignnone wp-image-71 size-medium\" src=\"https:\/\/jcecrewsim.online\/wp-content\/uploads\/2022\/01\/245_0_400_400_IMG_3164.jpg\" alt=\"\" width=\"400\" height=\"400\" data-imhwpb-asset-id=\"9497\" srcset=\"https:\/\/jcecrewsim.online\/wp-content\/uploads\/2022\/01\/245_0_400_400_IMG_3164.jpg 400w, https:\/\/jcecrewsim.online\/wp-content\/uploads\/2022\/01\/IMG_3164-150x150.jpg 150w, https:\/\/jcecrewsim.online\/wp-content\/uploads\/2022\/01\/IMG_3164-48x48.jpg 48w, https:\/\/jcecrewsim.online\/wp-content\/uploads\/2022\/01\/IMG_3164-300x300.jpg 300w\" sizes=\"(max-width: 400px) 100vw, 400px\" \/><\/p><h2 class=\"\">Theoretical-Practical Workshops<\/h2><p>\u00a0<\/p><div class=\"row bg-editor-hr-wrap\"><div class=\"col-md-12 col-xs-12 col-sm-12\"><hr \/><\/div><\/div><p class=\"\"><i class=\"fa fa-chevron-right\"> <\/i>Private Pilot<\/p><div class=\"row bg-editor-hr-wrap\"><div class=\"col-md-12 col-xs-12 col-sm-12\"><hr \/><\/div><\/div><p class=\"\"><i class=\"fa fa-chevron-right\"> <\/i>IFR<\/p><div class=\"row bg-editor-hr-wrap\"><div class=\"col-md-12 col-xs-12 col-sm-12\"><div><hr \/><\/div><\/div><\/div><p class=\"\"><i class=\"fa fa-chevron-right\"> <\/i>Commercial Pilot<\/p><div class=\"row bg-editor-hr-wrap\"><div class=\"col-md-12 col-xs-12 col-sm-12\"><div><hr \/><\/div><\/div><\/div><p class=\"\"><i class=\"fa fa-chevron-right\"> <\/i>Multi-Engine<\/p><div class=\"row\"><div class=\"col-md-6 col-xs-12 col-sm-12\"><div class=\"mod-alpha-1\"><p><span style=\"font-family: var( --e-global-typography-text-font-family ), Sans-serif;\"><span style=\"background-color: #f3f3f3; font-weight: var( --e-global-typography-text-font-weight );\"><a href=\"https:\/\/jcecrewsim.online\/en\/TALLERES-TEORICO-PRACTICO\/\">MORE INFO<\/a><\/span><\/span><\/p><\/div><\/div><\/div><\/div><\/div><\/div><\/div><p>\u00a0<\/p><div class=\"container\"><div class=\"row\"><div class=\"col-md-12 col-xs-12 col-sm-12\"><\/div><\/div><\/div><\/div><div class=\"boldgrid-section\"><div class=\"container\"><div class=\"row\"><div class=\"col-md-6 col-xs-12 col-sm-12\"><h2>\u00a0<\/h2><\/div><div class=\"col-sm-6 col-md-3 col-xs-12\"><div class=\"mod-gamma\"><div class=\"row\"><div class=\"col-xs-4 col-sm-4 col-md-4\"><div class=\"mod-gamma-1\"><p class=\"mod-reset\">\u00a0<\/p><\/div><\/div><\/div><div class=\"row\"><div class=\"col-xs-4 col-sm-4 col-md-4\"><div class=\"mod-gamma-1\"><p class=\"mod-reset\">\u00a0<\/p><\/div><\/div><\/div><\/div><\/div><\/div><\/div><\/div>\t\t\t\t\t\t\t\t<\/div>\n\t\t\t\t<\/div>\n\t\t\t\t\t<\/div>\n\t\t<\/div>\n\t\t\t\t\t<\/div>\n\t\t<\/section>\n\t\t\t\t<\/div>","protected":false},"excerpt":{"rendered":"<p>Conozco a JCE CREW SIM y es un excelente Profesional y sabe mucho del tema de aerol\u00ednea. Excelente pagina y definitivamente es super \u00fatil y beneficioso para prepararse para un proceso de selecci\u00f3n y sobretodo para solidificar los conocimientos que uno como piloto necesita al momento de una entrevista y vuelo. Cap. Andres Guerra F\/O [&hellip;]<\/p>","protected":false},"author":1,"featured_media":0,"parent":0,"menu_order":2,"comment_status":"closed","ping_status":"closed","template":"page_home.php","meta":{"bgseo_title":"","bgseo_description":"","bgseo_robots_index":"index","bgseo_robots_follow":"follow","_joinchat":[],"footnotes":""},"class_list":["post-5","page","type-page","status-publish"],"aioseo_notices":[],"_links":{"self":[{"href":"https:\/\/jcecrewsim.online\/en\/wp-json\/wp\/v2\/pages\/5","targetHints":{"allow":["GET"]}}],"collection":[{"href":"https:\/\/jcecrewsim.online\/en\/wp-json\/wp\/v2\/pages"}],"about":[{"href":"https:\/\/jcecrewsim.online\/en\/wp-json\/wp\/v2\/types\/page"}],"author":[{"embeddable":true,"href":"https:\/\/jcecrewsim.online\/en\/wp-json\/wp\/v2\/users\/1"}],"replies":[{"embeddable":true,"href":"https:\/\/jcecrewsim.online\/en\/wp-json\/wp\/v2\/comments?post=5"}],"version-history":[{"count":10,"href":"https:\/\/jcecrewsim.online\/en\/wp-json\/wp\/v2\/pages\/5\/revisions"}],"predecessor-version":[{"id":781,"href":"https:\/\/jcecrewsim.online\/en\/wp-json\/wp\/v2\/pages\/5\/revisions\/781"}],"wp:attachment":[{"href":"https:\/\/jcecrewsim.online\/en\/wp-json\/wp\/v2\/media?parent=5"}],"curies":[{"name":"wp","href":"https:\/\/api.w.org\/{rel}","templated":true}]}}