{"id":395,"date":"2022-02-12T14:56:57","date_gmt":"2022-02-12T14:56:57","guid":{"rendered":"https:\/\/jcecrewsim.online\/?page_id=395"},"modified":"2024-11-08T16:19:52","modified_gmt":"2024-11-08T16:19:52","slug":"asesoramiento-faa","status":"publish","type":"page","link":"https:\/\/jcecrewsim.online\/en\/asesoramiento-faa\/","title":{"rendered":"FAA CONSULTING"},"content":{"rendered":"<div class=\"tmpl-text-2 boldgrid-section dynamic-gridblock background-parallax\" style=\"background-image: linear-gradient(to left, rgba(33, 33, 33, 0.46), rgba(33, 33, 33, 0.46)), url('https:\/\/jcecrewsim.online\/wp-content\/uploads\/2022\/02\/Airbus-Airplane-Plane-4K-Wallpaper-Original.png'); background-size: cover; background-position: 50% 64%;\" data-image-url=\"https:\/\/jcecrewsim.online\/wp-content\/uploads\/2022\/02\/Airbus-Airplane-Plane-4K-Wallpaper-Original.png\" data-bg-overlaycolor=\"rgba(33,33,33,0.46)\">\n<div class=\"container\">\n<div class=\"row wow fadeInUp\" style=\"padding-top: 50px; padding-bottom: 50px;\" data-wow-duration=\"1s\" data-wow-delay=\"1s\">\n<div class=\"col-md-4 col-sm-4 col-xs-12 col-lg-4\" style=\"padding-right: 0em; padding-left: 0em;\">\n<p class=\"\" style=\"text-align: center; padding-right: 0em;\"><img fetchpriority=\"high\" decoding=\"async\" class=\"bg-img alignnone wp-image-398\" src=\"https:\/\/jcecrewsim.online\/wp-content\/uploads\/2022\/02\/Foreign-license-300x94.jpg\" alt=\"\" width=\"488\" height=\"152\" srcset=\"https:\/\/jcecrewsim.online\/wp-content\/uploads\/2022\/02\/Foreign-license-300x94.jpg 300w, https:\/\/jcecrewsim.online\/wp-content\/uploads\/2022\/02\/Foreign-license-250x78.jpg 250w, https:\/\/jcecrewsim.online\/wp-content\/uploads\/2022\/02\/Foreign-license-550x172.jpg 550w, https:\/\/jcecrewsim.online\/wp-content\/uploads\/2022\/02\/Foreign-license-574x180.jpg 574w, https:\/\/jcecrewsim.online\/wp-content\/uploads\/2022\/02\/Foreign-license.jpg 600w\" sizes=\"(max-width: 488px) 100vw, 488px\" \/><\/p>\n<p class=\"\" style=\"text-align: center;\"><img decoding=\"async\" class=\"bg-img alignnone wp-image-399\" src=\"https:\/\/jcecrewsim.online\/wp-content\/uploads\/2022\/02\/pngegg-15-300x258.png\" alt=\"\" width=\"357\" height=\"307\" srcset=\"https:\/\/jcecrewsim.online\/wp-content\/uploads\/2022\/02\/pngegg-15-300x258.png 300w, https:\/\/jcecrewsim.online\/wp-content\/uploads\/2022\/02\/pngegg-15-250x215.png 250w, https:\/\/jcecrewsim.online\/wp-content\/uploads\/2022\/02\/pngegg-15-550x473.png 550w, https:\/\/jcecrewsim.online\/wp-content\/uploads\/2022\/02\/pngegg-15-209x180.png 209w, https:\/\/jcecrewsim.online\/wp-content\/uploads\/2022\/02\/pngegg-15-349x300.png 349w, https:\/\/jcecrewsim.online\/wp-content\/uploads\/2022\/02\/pngegg-15-582x500.png 582w, https:\/\/jcecrewsim.online\/wp-content\/uploads\/2022\/02\/pngegg-15.png 768w\" sizes=\"(max-width: 357px) 100vw, 357px\" \/><\/p>\n<p class=\"\"><img decoding=\"async\" class=\"bg-img wp-image-402\" src=\"https:\/\/jcecrewsim.online\/wp-content\/uploads\/2022\/02\/airplane-wallpaper-1-300x198.jpg\" alt=\"\" width=\"369\" height=\"243\" srcset=\"https:\/\/jcecrewsim.online\/wp-content\/uploads\/2022\/02\/airplane-wallpaper-1-300x198.jpg 300w, https:\/\/jcecrewsim.online\/wp-content\/uploads\/2022\/02\/airplane-wallpaper-1-1024x676.jpg 1024w, https:\/\/jcecrewsim.online\/wp-content\/uploads\/2022\/02\/airplane-wallpaper-1-768x507.jpg 768w, https:\/\/jcecrewsim.online\/wp-content\/uploads\/2022\/02\/airplane-wallpaper-1-1536x1015.jpg 1536w, https:\/\/jcecrewsim.online\/wp-content\/uploads\/2022\/02\/airplane-wallpaper-1-2048x1353.jpg 2048w, https:\/\/jcecrewsim.online\/wp-content\/uploads\/2022\/02\/airplane-wallpaper-1-250x165.jpg 250w, https:\/\/jcecrewsim.online\/wp-content\/uploads\/2022\/02\/airplane-wallpaper-1-550x363.jpg 550w, https:\/\/jcecrewsim.online\/wp-content\/uploads\/2022\/02\/airplane-wallpaper-1-800x528.jpg 800w, https:\/\/jcecrewsim.online\/wp-content\/uploads\/2022\/02\/airplane-wallpaper-1-273x180.jpg 273w, https:\/\/jcecrewsim.online\/wp-content\/uploads\/2022\/02\/airplane-wallpaper-1-454x300.jpg 454w, https:\/\/jcecrewsim.online\/wp-content\/uploads\/2022\/02\/airplane-wallpaper-1-757x500.jpg 757w\" sizes=\"(max-width: 369px) 100vw, 369px\" \/><\/p>\n<\/div>\n<div class=\"col-md-4 col-sm-6 col-xs-12 col-lg-4\">\n<h2 class=\"color1-color\" style=\"margin-top: 20px; text-align: center;\"><span style=\"color: #ff6600;\"><strong>FAA LICENSE FOREIGN BASED<\/strong><\/span><\/h2>\n<h3 class=\"color3-color\" style=\"text-align: center;\"><span style=\"text-decoration: underline; color: #ff9900;\"><em><strong>License Validation<\/strong><\/em><\/span><\/h3>\n<p class=\"\"><span style=\"color: #ffffff;\">Te damos asesoramiento y gu\u00eda para la obtenci\u00f3n de la Licencia de Piloto FAA Foreign Based (Basada en Licencia Extranjera).<\/span><\/p>\n<ol class=\"\">\n<li class=\"\"><span style=\"color: #ffffff;\">This way you will be able to fly American registered airplanes, being the Ecuadorian operator.<\/span><\/li>\n<li class=\"\"><span style=\"color: #ffffff;\">You can also fly in the USA to accumulate hours.<\/span><\/li>\n<\/ol>\n<p class=\"\" style=\"text-align: center;\"><span style=\"color: #ffffff;\"><u><b>El proceso es muy r\u00e1pido y no es costoso como en otros lugares que pueden llegar a cobrar mucho mas de lo que realmente cuesta.<\/b><\/u><\/span><\/p>\n<p class=\"\" style=\"text-align: center; margin-right: -58px;\"><img loading=\"lazy\" decoding=\"async\" class=\"bg-img wp-image-401 size-medium alignright\" src=\"https:\/\/jcecrewsim.online\/wp-content\/uploads\/2022\/02\/0_74_300_207_pngegg-19.png\" alt=\"\" width=\"300\" height=\"207\"><\/p>\n<p>&nbsp;<\/p>\n<p>&nbsp;<\/p>\n<p class=\"\"><a class=\"btn-color-1 btn btn-capitalize btn-raised btn-regular\" href=\"https:\/\/jcecrewsim.online\/en\/contacto\/\">CONTACTANOS<br \/>\n<\/a><\/p>\n<\/div>\n<div class=\"col-md-4 col-sm-12 col-xs-12 col-lg-4\">\n<div class=\"bg-box\">\n<blockquote class=\"color1-color bg-blockquote\" style=\"padding: 0em; margin-top: -14px;\">\n<h2 style=\"text-align: center;\"><strong><span style=\"color: #ff6600;\">REQUIRED DOCUMENTATION:<\/span><\/strong><\/h2>\n<ul>\n<li class=\"tit_aside\"><i class=\"fa fa-check-square\"><\/i>&nbsp;<span style=\"color: #ffffff;\">Valid Passport<\/span><\/li>\n<li class=\"tit_aside\"><i class=\"fa fa-check-square\"><\/i>&nbsp;<span style=\"color: #ffffff;\">Medical Certificate<\/span><\/li>\n<li class=\"tit_aside\"><i class=\"fa fa-check-square\"><\/i>&nbsp;<span style=\"color: #ffffff;\">Pilot License<\/span><\/li>\n<li class=\"tit_aside\"><i class=\"fa fa-check-square\"><\/i>&nbsp;<span style=\"color: #ffffff;\">Pilot Logbook Updated<\/span><\/li>\n<li class=\"tit_aside\"><i class=\"fa fa-check-square\"><\/i>&nbsp;<span style=\"color: #ffffff;\">This documentation must be submitted up to one month prior to application.<\/span><\/li>\n<\/ul>\n<\/blockquote>\n<p class=\"\" style=\"text-align: center; margin-top: 107px; margin-left: -25px;\"><img loading=\"lazy\" decoding=\"async\" class=\"bg-img alignnone wp-image-400 size-medium\" src=\"https:\/\/jcecrewsim.online\/wp-content\/uploads\/2022\/02\/17_20_300_297.34042553191_pngegg-16.png\" alt=\"\" width=\"300\" height=\"297\" srcset=\"https:\/\/jcecrewsim.online\/wp-content\/uploads\/2022\/02\/17_20_300_297.34042553191_pngegg-16.png 300w, https:\/\/jcecrewsim.online\/wp-content\/uploads\/2022\/02\/pngegg-16-150x150.png 150w, https:\/\/jcecrewsim.online\/wp-content\/uploads\/2022\/02\/pngegg-16-48x48.png 48w\" sizes=\"(max-width: 300px) 100vw, 300px\" \/><\/p>\n<\/div>\n<\/div>\n<\/div>\n<\/div>\n<\/div>\n<div class=\"boldgrid-section\">\n<div class=\"container\">\n<div class=\"row\">\n<div class=\"col-md-12 col-xs-12 col-sm-12 col-lg-12\">\n<p>&nbsp;<\/p>\n<\/div>\n<\/div>\n<\/div>\n<\/div>","protected":false},"excerpt":{"rendered":"<p>LICENCIA FAA FOREIGN BASED Convalidacion de Licencia Te damos asesoramiento y gu\u00eda para la obtenci\u00f3n de la Licencia de Piloto FAA Foreign Based (Basada en Licencia Extranjera). As\u00ed podr\u00e1s volar aviones con matricula americana, siendo el operador Ecuatoriano. Tambi\u00e9n podr\u00e1s volar en USA para acumular horas. El proceso es muy r\u00e1pido y no es costoso [&hellip;]<\/p>","protected":false},"author":1,"featured_media":0,"parent":0,"menu_order":0,"comment_status":"closed","ping_status":"closed","template":"","meta":{"bgseo_title":"","bgseo_description":"","bgseo_robots_index":"index","bgseo_robots_follow":"follow","_joinchat":[],"footnotes":""},"class_list":["post-395","page","type-page","status-publish"],"aioseo_notices":[],"_links":{"self":[{"href":"https:\/\/jcecrewsim.online\/en\/wp-json\/wp\/v2\/pages\/395","targetHints":{"allow":["GET"]}}],"collection":[{"href":"https:\/\/jcecrewsim.online\/en\/wp-json\/wp\/v2\/pages"}],"about":[{"href":"https:\/\/jcecrewsim.online\/en\/wp-json\/wp\/v2\/types\/page"}],"author":[{"embeddable":true,"href":"https:\/\/jcecrewsim.online\/en\/wp-json\/wp\/v2\/users\/1"}],"replies":[{"embeddable":true,"href":"https:\/\/jcecrewsim.online\/en\/wp-json\/wp\/v2\/comments?post=395"}],"version-history":[{"count":6,"href":"https:\/\/jcecrewsim.online\/en\/wp-json\/wp\/v2\/pages\/395\/revisions"}],"predecessor-version":[{"id":784,"href":"https:\/\/jcecrewsim.online\/en\/wp-json\/wp\/v2\/pages\/395\/revisions\/784"}],"wp:attachment":[{"href":"https:\/\/jcecrewsim.online\/en\/wp-json\/wp\/v2\/media?parent=395"}],"curies":[{"name":"wp","href":"https:\/\/api.w.org\/{rel}","templated":true}]}}